{"id":737,"date":"2023-08-16T15:44:13","date_gmt":"2023-08-16T15:44:13","guid":{"rendered":"https:\/\/andrea-pfeil.de\/?page_id=737"},"modified":"2023-08-21T11:02:44","modified_gmt":"2023-08-21T11:02:44","slug":"datenschutzerklaerung","status":"publish","type":"page","link":"https:\/\/andrea-pfeil.de\/?page_id=737","title":{"rendered":"Datenschutz"},"content":{"rendered":"\n<p>Bei jeder Kommunikation entstehen Daten. Der Schutz Ihrer pers\u00f6nlichen Daten gilt nat\u00fcrlich auch im Internet. Ihre personenbezogenen Daten werden nur erhoben, genutzt und weitergegeben, wenn dies im gesetzlichen Rahmen erlaubt is beziehungsweise, wenn Sie in die Datenerhebung, Speicherung und Weitergabe einwilligen, indem Sie uns beispielsweise diese Daten selbst zur Verf\u00fcgung stellen oder der Verwendung von Cookies zustimmen.  <\/p>\n\n\n\n<p><strong>Kontaktdaten<\/strong><\/p>\n\n\n\n<p>Sobald Sie Kontakt aufnehmen &#8211; \u00fcber die technisch zur Verf\u00fcgung gestellten M\u00f6glichkeiten &#8211; teilen Sie Daten \u00fcber sich mit. Diese sind erforderlich, um Ihre Anfrage zu bearbeiten. Sie werden nur dann an Dritte weitergegeben, wenn dies erforderlich ist, um etwa einen bestehenden Vertrag zu  erf\u00fcllen. <br>(Beispiel: Weitergabe der Adressdaten an den beauftragen Versanddienstleister.) <br>Nat\u00fcrlich k\u00f6nnen Sie jederzeit Auskunft \u00fcber die Verwendung Ihrer Daten verlangen und der Verarbeitung und Speicherung Ihrer Daten, die rechtlich nicht mehr notwendig sind, widersprechen. Bitte wenden Sie sich hierf\u00fcr an andreapfeil21@gmail.com <\/p>\n\n\n\n<p><strong>Technische Daten<\/strong><\/p>\n\n\n\n<p>Beim Aufruf einer Website entstehen Daten: Zugriffsdaten und Cookies. Teilweise k\u00f6nnen diese aus berechtigtem Interesse f\u00fcr einen begrenzten Zeitraum (in der Regel 7 Tage) gespeichert werden, beispielsweise um die Sicherheit der Website zu gew\u00e4hrleisten. <\/p>\n\n\n\n<p>Cookies sind kleine technische Dateien. Sie werden \u00fcber Ihren Browser (Safari, Firefox, Chrome) bei der Nutzung einer Website auf Ihrem Endger\u00e4t gespeichert. <br>Diese kleinen Dateien sind notwendig um die Kommunikation zu erm\u00f6glichen, technisch zu optimieren und auch um durch Transparenz (wer greift auf die Seite zu) sicherer zu gestalten. <br>Den Umfang k\u00f6nnen Sie selbst mitbestimmen. Einerseits tun Sie das bereits mit Ihrer Auswahl im Cookie-Banner. Andererseits k\u00f6nnen Sie in dem von Ihnen verwendeten Browser Einstellungen vornehmen und Cookies im Nachgang auch selbst manuell l\u00f6schen.<br>Bestimmte Cookies sind allerdings notwendig, um die Funktionalit\u00e4t einer Website zu erm\u00f6glichen und auch um eine gewisse Sicherheit zu erreichen. <br>Soweit dies m\u00f6glich ist, gilt f\u00fcr diese Website deutsches Recht. Die Seite wird in Deutschland gehostet (Ionos SE, Elgendorfer Str. 57, 56410 Montabaur). Sie wurde mit WordPress erstellt. Integriert sind Fonts von Google sowie ein Tool der devowl.io GmbH, Tannet 12, 94539 Grafling, welches sicherstellen soll, dass diese Seite den aktuell g\u00fcltigen Datenschutzvorschriften entspricht. Daf\u00fcr wird diese Seite mit ihren Daten immer wieder ausgelesen. Dieses Unternehmen stellt auch den Cooker-Banner zur Verf\u00fcgung. <br>Um eine m\u00f6glichst hohe Sicherheit zu gew\u00e4hrleisten, wird die Website mit einer SSL-Verschl\u00fcsselung betrieben.\u00a0<br><\/p>\n\n\n\n<p><strong>Rechte an Ihren Daten<\/strong><\/p>\n\n\n\n<p>Ihre Daten werden generell nicht explizit an Dritte weitergegeben. Sie haben das Recht Auskunft \u00fcber Art und Umfang der gesammelten und gespeicherten Daten zu verlangen, Widerspruch zu erheben und deren L\u00f6schung zu verlangen, sofern dem keine rechtlichen Gr\u00fcnde entgegenstehen. Kontaktieren Sie hierzu bitte andreapfeil21@gmail.com <\/p>\n\n\n\n<p>Wie im gesamten Internet so erhebt Google auch im Zusammenhang mit der Nutzung dieser Seite Daten. Dies k\u00f6nnen Sie in Ihrem Browser bzw. \u00fcber Google direkt einstellen und ggf. unterbinden. <\/p>\n","protected":false},"excerpt":{"rendered":"<p>Bei jeder Kommunikation entstehen Daten. Der Schutz Ihrer pers\u00f6nlichen Daten gilt nat\u00fcrlich auch im Internet. Ihre personenbezogenen Daten werden nur erhoben, genutzt und weitergegeben, wenn dies im gesetzlichen Rahmen erlaubt is beziehungsweise, wenn Sie in die Datenerhebung, Speicherung und Weitergabe einwilligen, indem Sie uns beispielsweise diese Daten selbst zur Verf\u00fcgung stellen oder der Verwendung von Cookies zustimmen. Kontaktdaten Sobald Sie Kontakt aufnehmen &#8211; \u00fcber die technisch zur Verf\u00fcgung gestellten M\u00f6glichkeiten &#8211; teilen Sie Daten \u00fcber sich mit. Diese sind erforderlich, um Ihre Anfrage zu bearbeiten. Sie werden nur dann an Dritte weitergegeben, wenn dies erforderlich ist, um etwa einen bestehenden Vertrag zu erf\u00fcllen. (Beispiel: Weitergabe der Adressdaten an den beauftragen Versanddienstleister.) Nat\u00fcrlich k\u00f6nnen Sie jederzeit Auskunft \u00fcber die Verwendung Ihrer Daten verlangen und der Verarbeitung und Speicherung Ihrer Daten, die rechtlich nicht mehr notwendig sind, widersprechen. Bitte wenden Sie sich hierf\u00fcr an andreapfeil21@gmail.com Technische Daten Beim Aufruf einer Website entstehen Daten: Zugriffsdaten und Cookies. Teilweise k\u00f6nnen diese aus berechtigtem Interesse f\u00fcr einen begrenzten Zeitraum (in der Regel 7 Tage) gespeichert werden, beispielsweise um die Sicherheit der Website zu gew\u00e4hrleisten. Cookies sind kleine technische Dateien. Sie werden \u00fcber Ihren Browser (Safari, Firefox, Chrome) bei der Nutzung einer Website auf Ihrem Endger\u00e4t gespeichert. Diese kleinen Dateien sind notwendig um die Kommunikation zu erm\u00f6glichen, technisch zu optimieren und auch um durch Transparenz (wer greift auf die Seite zu) sicherer zu gestalten. Den Umfang k\u00f6nnen Sie selbst mitbestimmen. Einerseits tun Sie das bereits mit Ihrer Auswahl im Cookie-Banner. Andererseits k\u00f6nnen Sie in dem von Ihnen verwendeten Browser Einstellungen vornehmen und Cookies im Nachgang auch selbst manuell l\u00f6schen.Bestimmte Cookies sind allerdings notwendig, um die Funktionalit\u00e4t einer Website zu erm\u00f6glichen und auch um eine gewisse Sicherheit zu erreichen. Soweit dies m\u00f6glich ist, gilt f\u00fcr diese Website deutsches Recht. Die Seite wird in Deutschland gehostet (Ionos SE, Elgendorfer Str. 57, 56410 Montabaur). Sie wurde mit WordPress erstellt. Integriert sind Fonts von Google sowie ein Tool der devowl.io GmbH, Tannet 12, 94539 Grafling, welches sicherstellen soll, dass diese Seite den aktuell g\u00fcltigen Datenschutzvorschriften entspricht. Daf\u00fcr wird diese Seite mit ihren Daten immer wieder ausgelesen. Dieses Unternehmen stellt auch den Cooker-Banner zur Verf\u00fcgung. Um eine m\u00f6glichst hohe Sicherheit zu gew\u00e4hrleisten, wird die Website mit einer SSL-Verschl\u00fcsselung betrieben.\u00a0 Rechte an Ihren Daten Ihre Daten werden generell nicht explizit an Dritte weitergegeben. Sie haben das Recht Auskunft \u00fcber Art und Umfang der gesammelten und gespeicherten Daten zu verlangen, Widerspruch zu erheben und deren L\u00f6schung zu verlangen, sofern dem keine rechtlichen Gr\u00fcnde entgegenstehen. Kontaktieren Sie hierzu bitte andreapfeil21@gmail.com Wie im gesamten Internet so erhebt Google auch im Zusammenhang mit der Nutzung dieser Seite Daten. Dies k\u00f6nnen Sie in Ihrem Browser bzw. \u00fcber Google direkt einstellen und ggf. unterbinden.<\/p>\n","protected":false},"author":1,"featured_media":0,"parent":0,"menu_order":0,"comment_status":"closed","ping_status":"closed","template":"","meta":{"ngg_post_thumbnail":0,"footnotes":""},"class_list":["post-737","page","type-page","status-publish","hentry"],"_links":{"self":[{"href":"https:\/\/andrea-pfeil.de\/index.php?rest_route=\/wp\/v2\/pages\/737","targetHints":{"allow":["GET"]}}],"collection":[{"href":"https:\/\/andrea-pfeil.de\/index.php?rest_route=\/wp\/v2\/pages"}],"about":[{"href":"https:\/\/andrea-pfeil.de\/index.php?rest_route=\/wp\/v2\/types\/page"}],"author":[{"embeddable":true,"href":"https:\/\/andrea-pfeil.de\/index.php?rest_route=\/wp\/v2\/users\/1"}],"replies":[{"embeddable":true,"href":"https:\/\/andrea-pfeil.de\/index.php?rest_route=%2Fwp%2Fv2%2Fcomments&post=737"}],"version-history":[{"count":9,"href":"https:\/\/andrea-pfeil.de\/index.php?rest_route=\/wp\/v2\/pages\/737\/revisions"}],"predecessor-version":[{"id":1047,"href":"https:\/\/andrea-pfeil.de\/index.php?rest_route=\/wp\/v2\/pages\/737\/revisions\/1047"}],"wp:attachment":[{"href":"https:\/\/andrea-pfeil.de\/index.php?rest_route=%2Fwp%2Fv2%2Fmedia&parent=737"}],"curies":[{"name":"wp","href":"https:\/\/api.w.org\/{rel}","templated":true}]}}